{"id":2,"date":"2020-01-15T10:00:40","date_gmt":"2020-01-15T09:00:40","guid":{"rendered":"http:\/\/lc-rapid-dortmund.de\/wordpress\/?page_id=2"},"modified":"2025-04-21T13:28:05","modified_gmt":"2025-04-21T11:28:05","slug":"beispiel-seite","status":"publish","type":"page","link":"https:\/\/lc-rapid-dortmund.de\/wordpress\/beispiel-seite\/","title":{"rendered":"Impressum"},"content":{"rendered":"\n<p class=\"has-small-font-size\">Die nachstehenden Informationen enthalten die gesetzlich vorgesehenen Angaben gem\u00e4\u00df \u00a7 5 TMG zur Anbieterkennzeichnung auf der Internet-Pr\u00e4senz lc-rapid-dortmund.de<\/p>\n\n\n\n<h2 class=\"wp-block-heading\">Anbieter<\/h2>\n\n\n\n<p>LC Rapid Dortmund 2000 e.V.<br>Vaerstenberg 12d, 58313 Herdecke<br>Vereinsregister 5249 Registergericht: Amtsgericht Dortmund<br>Vertreten durch: Gerhard Kappert<\/p>\n\n\n\n<h2 class=\"wp-block-heading\">Kontakt<\/h2>\n\n\n\n<p>Telefon: &#x30;&#x32;&#51;1&#x20;&#x39;&#53;&#52;8&#x37;&#x33;&#57;<\/p>\n\n\n\n<p>E-Mail: &#x76;&#x6f;&#114;&#115;t&#x61;&#x6e;&#x64;&#64;lc&#x2d;&#x72;&#97;&#112;i&#x64;&#x2d;&#x64;&#111;rt&#x6d;&#x75;&#110;&#100;&#46;&#x64;&#x65;<\/p>\n\n\n\n<h2 class=\"wp-block-heading\">EU-Streitschlichtung<\/h2>\n\n\n\n<p>Die Europ\u00e4ische Kommission stellt eine Plattform zur Online-Streitbeilegung (OS) bereit:<br><a href=\"https:\/\/ec.europa.eu\/consumers\/odr\/.\" target=\"_blank\" rel=\"noreferrer noopener\">https:\/\/ec.europa.eu\/consumers\/odr\/.<\/a><br>Unsere E-Mail-Adresse finden Sie oben im Impressum.<\/p>\n\n\n\n<h2 class=\"wp-block-heading\">Verbraucherstreitbeilegung\/Universalschlichtungsstelle<\/h2>\n\n\n\n<p>Wir sind nicht bereit oder verpflichtet, an Streitbeilegungsverfahren vor einer Verbraucherschlichtungsstelle teilzunehmen.<\/p>\n\n\n\n<h2 class=\"wp-block-heading\">Haftungsausschluss<\/h2>\n\n\n\n<p>Dieses Angebot enth\u00e4lt Links zu Internet-Pr\u00e4senzen anderer Anbieter. Auf den Inhalt dieser Internet-Pr\u00e4senzen hat die Arbeitsgemeinschaft Stra\u00dfenlauf keinen Einfluss. Aus diesem Grund kann die Arbeitsgemeinschaft Stra\u00dfenlauf keine Gew\u00e4hr f\u00fcr die Inhalte der verlinkten Internet-Pr\u00e4senzen \u00fcbernehmen. F\u00fcr die Inhalte der verlinkten Internet-Pr\u00e4senzen sind ausschliesslich deren Betreiber verantwortlich. Die verlinkten Internet-Pr\u00e4senzen wurden zum Zeitpunkt der Verlinkung durch die Arbeitsgemeinschaft Stra\u00dfenlauf auf m\u00f6gliche, rechtswidrige Inhalte \u00fcberpr\u00fcft. Rechtswidrige Inhalte waren zum Zeitpunkt der Verlinkung durch die Arbeitsgemeinschaft Stra\u00dfenlauf nicht erkennbar. Eine permanente inhaltliche Kontrolle der verlinkten Internet-Pr\u00e4senzen ist ohne Anhaltspunkte nicht zumutbar. Bei bekannt werden von rechtswidrigen Inhalten auf verlinkten Internet-Pr\u00e4senzen wird die Arbeitsgemeinschaft Stra\u00dfenlauf diesen Hinweisen nachgehen und die Links zu rechtswidrigen Inhalten entfernen.<\/p>\n\n\n\n<h2 class=\"wp-block-heading\">Urheberrecht<\/h2>\n\n\n\n<p>Die auf unserer Webseite ver\u00f6ffentlichen Inhalte und Werke unterliegen dem deutschen Urheberrecht (&nbsp;<a rel=\"noreferrer noopener\" href=\"http:\/\/www.gesetze-im-internet.de\/bundesrecht\/urhg\/gesamt.pdf\" target=\"_blank\">http:\/\/www.gesetze-im-internet.de\/bundesrecht\/urhg\/gesamt.pdf<\/a>) . Die Vervielf\u00e4ltigung, Bearbeitung, Verbreitung und jede Art der Verwertung des geistigen Eigentums in ideeller und materieller Sicht des Urhebers au\u00dferhalb der Grenzen des Urheberrechtes bed\u00fcrfen der vorherigen schriftlichen Zustimmung des jeweiligen Urhebers i.S.d. Urhebergesetzes (&nbsp;<a rel=\"noreferrer noopener\" href=\"http:\/\/www.gesetze-im-internet.de\/bundesrecht\/urhg\/gesamt.pdf\" target=\"_blank\">http:\/\/www.gesetze-im-internet.de\/bundesrecht\/urhg\/gesamt.pdf<\/a>&nbsp;). Downloads und Kopien dieser Seite sind nur f\u00fcr den privaten und nicht kommerziellen Gebrauch erlaubt. Sind die Inhalte auf unserer Webseite nicht von uns erstellt wurden, sind die Urheberrechte Dritter zu beachten. Die Inhalte Dritter werden als solche kenntlich gemacht. Sollten Sie trotzdem auf eine Urheberrechtsverletzung aufmerksam werden, bitten wir um einen entsprechenden Hinweis. Bei Bekanntwerden von Rechtsverletzungen werden wir derartige Inhalte unverz\u00fcglich entfernen.<\/p>\n\n\n\n<h2 class=\"wp-block-heading\">Bildnachweis<\/h2>\n\n\n\n<p>Eigene Bilder<\/p>\n\n\n\n<p>Quelle: <a href=\"https:\/\/www.e-recht24.de\/\" target=\"_blank\" rel=\"noreferrer noopener\">eRecht24<\/a><\/p>\n","protected":false},"excerpt":{"rendered":"<p>Die nachstehenden Informationen enthalten die gesetzlich vorgesehenen Angaben gem\u00e4\u00df \u00a7 5 TMG zur Anbieterkennzeichnung auf der Internet-Pr\u00e4senz lc-rapid-dortmund.de Anbieter LC Rapid Dortmund 2000 e.V.Vaerstenberg 12d, 58313 HerdeckeVereinsregister 5249 Registergericht: Amtsgericht DortmundVertreten durch: Gerhard Kappert Kontakt Telefon: E-Mail: EU-Streitschlichtung Die Europ\u00e4ische Kommission stellt eine Plattform zur Online-Streitbeilegung (OS) bereit:https:\/\/ec.europa.eu\/consumers\/odr\/.Unsere E-Mail-Adresse finden Sie oben im Impressum. Verbraucherstreitbeilegung\/Universalschlichtungsstelle [&hellip;]<\/p>\n","protected":false},"author":1,"featured_media":0,"parent":0,"menu_order":0,"comment_status":"closed","ping_status":"closed","template":"","meta":{"_coblocks_attr":"","_coblocks_dimensions":"","_coblocks_responsive_height":"","_coblocks_accordion_ie_support":"","site-sidebar-layout":"default","site-content-layout":"","ast-site-content-layout":"default","site-content-style":"default","site-sidebar-style":"default","ast-global-header-display":"","ast-banner-title-visibility":"","ast-main-header-display":"","ast-hfb-above-header-display":"","ast-hfb-below-header-display":"","ast-hfb-mobile-header-display":"","site-post-title":"","ast-breadcrumbs-content":"","ast-featured-img":"","footer-sml-layout":"","ast-disable-related-posts":"","theme-transparent-header-meta":"","adv-header-id-meta":"","stick-header-meta":"","header-above-stick-meta":"","header-main-stick-meta":"","header-below-stick-meta":"","astra-migrate-meta-layouts":"default","ast-page-background-enabled":"default","ast-page-background-meta":{"desktop":{"background-color":"var(--ast-global-color-5)","background-image":"","background-repeat":"repeat","background-position":"center center","background-size":"auto","background-attachment":"scroll","background-type":"","background-media":"","overlay-type":"","overlay-color":"","overlay-opacity":"","overlay-gradient":""},"tablet":{"background-color":"","background-image":"","background-repeat":"repeat","background-position":"center center","background-size":"auto","background-attachment":"scroll","background-type":"","background-media":"","overlay-type":"","overlay-color":"","overlay-opacity":"","overlay-gradient":""},"mobile":{"background-color":"","background-image":"","background-repeat":"repeat","background-position":"center center","background-size":"auto","background-attachment":"scroll","background-type":"","background-media":"","overlay-type":"","overlay-color":"","overlay-opacity":"","overlay-gradient":""}},"ast-content-background-meta":{"desktop":{"background-color":"var(--ast-global-color-4)","background-image":"","background-repeat":"repeat","background-position":"center center","background-size":"auto","background-attachment":"scroll","background-type":"","background-media":"","overlay-type":"","overlay-color":"","overlay-opacity":"","overlay-gradient":""},"tablet":{"background-color":"var(--ast-global-color-4)","background-image":"","background-repeat":"repeat","background-position":"center center","background-size":"auto","background-attachment":"scroll","background-type":"","background-media":"","overlay-type":"","overlay-color":"","overlay-opacity":"","overlay-gradient":""},"mobile":{"background-color":"var(--ast-global-color-4)","background-image":"","background-repeat":"repeat","background-position":"center center","background-size":"auto","background-attachment":"scroll","background-type":"","background-media":"","overlay-type":"","overlay-color":"","overlay-opacity":"","overlay-gradient":""}},"footnotes":""},"class_list":["post-2","page","type-page","status-publish","hentry"],"_links":{"self":[{"href":"https:\/\/lc-rapid-dortmund.de\/wordpress\/wp-json\/wp\/v2\/pages\/2","targetHints":{"allow":["GET"]}}],"collection":[{"href":"https:\/\/lc-rapid-dortmund.de\/wordpress\/wp-json\/wp\/v2\/pages"}],"about":[{"href":"https:\/\/lc-rapid-dortmund.de\/wordpress\/wp-json\/wp\/v2\/types\/page"}],"author":[{"embeddable":true,"href":"https:\/\/lc-rapid-dortmund.de\/wordpress\/wp-json\/wp\/v2\/users\/1"}],"replies":[{"embeddable":true,"href":"https:\/\/lc-rapid-dortmund.de\/wordpress\/wp-json\/wp\/v2\/comments?post=2"}],"version-history":[{"count":4,"href":"https:\/\/lc-rapid-dortmund.de\/wordpress\/wp-json\/wp\/v2\/pages\/2\/revisions"}],"predecessor-version":[{"id":331,"href":"https:\/\/lc-rapid-dortmund.de\/wordpress\/wp-json\/wp\/v2\/pages\/2\/revisions\/331"}],"wp:attachment":[{"href":"https:\/\/lc-rapid-dortmund.de\/wordpress\/wp-json\/wp\/v2\/media?parent=2"}],"curies":[{"name":"wp","href":"https:\/\/api.w.org\/{rel}","templated":true}]}}