{"id":285,"date":"2025-04-20T20:48:17","date_gmt":"2025-04-20T18:48:17","guid":{"rendered":"http:\/\/lc-rapid-dortmund.de\/wordpress\/?page_id=285"},"modified":"2025-12-09T14:00:41","modified_gmt":"2025-12-09T13:00:41","slug":"verein","status":"publish","type":"page","link":"https:\/\/lc-rapid-dortmund.de\/wordpress\/verein\/","title":{"rendered":"Verein"},"content":{"rendered":"\n<h2 class=\"wp-block-heading\" id=\"Antrag\">Vereinseintritt<\/h2>\n\n\n\n<p>Wer in unserem Verein aufgenommen werden m\u00f6chte, druckt sich den Aufnahmeantrag&nbsp;aus und gibt ihn bitte ausgef\u00fcllt einem der \u00dcbungsleiter \/ Trainer. <br>Hier geht es zum <a href=\"http:\/\/lc-rapid-dortmund.de\/wordpress\/wp-content\/uploads\/2025\/04\/Aufnahmeantrag_LC_Rapid.pdf\" target=\"_blank\" rel=\"noreferrer noopener\">Aufnahmeantrag als PDF<\/a>.<br><br>LC Rapid Mitglieder k\u00f6nnen auch unserem&nbsp;<a href=\"https:\/\/www.strava.com\/clubs\/rapidos\" target=\"_blank\" rel=\"noreferrer noopener\">Club auf Strava<\/a>&nbsp;beitreten.<\/p>\n\n\n\n<h2 class=\"wp-block-heading\" id=\"Termine\">Trainingstermine<\/h2>\n\n\n\n<p>Wir bieten mehrere Termine f\u00fcr Sportler\/innen im Alter von 6-100 Jahren in der Woche an. Im Sommer drau\u00dfen im Winter drinnen und drau\u00dfen.<br><a href=\"https:\/\/lc-rapid-dortmund.de\/wordpress\/sportangebot\/\" data-type=\"page\" data-id=\"671\">Siehe hier!<\/a><\/p>\n\n\n\n<h2 class=\"wp-block-heading\" id=\"Shop\">Vereinsbekleidung<\/h2>\n\n\n\n<p>Die Kollektion mit hochwertiger Sport- und Freizeitkleidung gibt es im Rapid Online Shop der plan-a-druckmanufaktur.<br>Hier der Link dorthin: <a href=\"https:\/\/customteamwear.de\/lc-rapid\/\" target=\"_blank\" rel=\"noreferrer noopener\">https:\/\/customteamwear.de\/lc-rapid\/<\/a><br>Gew\u00fcnschtes ausw\u00e4hlen, in den Warenkorb packen, bezaheln und in H\u00f6rde abholen oder zuschicken lassen, ganz einfach!<\/p>\n\n\n\n<h2 class=\"wp-block-heading\" id=\"Texel\">Trainingslager<\/h2>\n\n\n\n<p>Das Trainingslager auf der holl\u00e4ndischen Insel Texel findet jedes Jahr mit gro\u00dfer Beteiligung und ausgebuchten Athletenh\u00e4usern statt.<br>Siehe <a href=\"http:\/\/lc-rapid-dortmund.de\/wordpress\/trainingslager-texel\/\" data-type=\"page\" data-id=\"414\">Trainingslager Texel<\/a>.<\/p>\n\n\n\n<h2 class=\"wp-block-heading\" id=\"Strava\">Strava Club<\/h2>\n\n\n\n<p>Nat\u00fcrlich ist der LC Rapid auch bei Strava vertreten: <a href=\"https:\/\/www.strava.com\/clubs\/45408\" data-type=\"link\" data-id=\"https:\/\/www.strava.com\/clubs\/45408\" target=\"_blank\" rel=\"noreferrer noopener\">Zum Strava Club<\/a><\/p>\n\n\n\n<p><\/p>\n","protected":false},"excerpt":{"rendered":"<p>Vereinseintritt Wer in unserem Verein aufgenommen werden m\u00f6chte, druckt sich den Aufnahmeantrag&nbsp;aus und gibt ihn bitte ausgef\u00fcllt einem der \u00dcbungsleiter \/ Trainer. Hier geht es zum Aufnahmeantrag als PDF. LC Rapid Mitglieder k\u00f6nnen auch unserem&nbsp;Club auf Strava&nbsp;beitreten. Trainingstermine Wir bieten mehrere Termine f\u00fcr Sportler\/innen im Alter von 6-100 Jahren in der Woche an. Im Sommer [&hellip;]<\/p>\n","protected":false},"author":1,"featured_media":0,"parent":0,"menu_order":0,"comment_status":"closed","ping_status":"closed","template":"","meta":{"_coblocks_attr":"","_coblocks_dimensions":"","_coblocks_responsive_height":"","_coblocks_accordion_ie_support":"","site-sidebar-layout":"default","site-content-layout":"","ast-site-content-layout":"default","site-content-style":"default","site-sidebar-style":"default","ast-global-header-display":"","ast-banner-title-visibility":"","ast-main-header-display":"","ast-hfb-above-header-display":"","ast-hfb-below-header-display":"","ast-hfb-mobile-header-display":"","site-post-title":"","ast-breadcrumbs-content":"","ast-featured-img":"","footer-sml-layout":"","ast-disable-related-posts":"","theme-transparent-header-meta":"","adv-header-id-meta":"","stick-header-meta":"","header-above-stick-meta":"","header-main-stick-meta":"","header-below-stick-meta":"","astra-migrate-meta-layouts":"default","ast-page-background-enabled":"default","ast-page-background-meta":{"desktop":{"background-color":"var(--ast-global-color-5)","background-image":"","background-repeat":"repeat","background-position":"center center","background-size":"auto","background-attachment":"scroll","background-type":"","background-media":"","overlay-type":"","overlay-color":"","overlay-opacity":"","overlay-gradient":""},"tablet":{"background-color":"","background-image":"","background-repeat":"repeat","background-position":"center center","background-size":"auto","background-attachment":"scroll","background-type":"","background-media":"","overlay-type":"","overlay-color":"","overlay-opacity":"","overlay-gradient":""},"mobile":{"background-color":"","background-image":"","background-repeat":"repeat","background-position":"center center","background-size":"auto","background-attachment":"scroll","background-type":"","background-media":"","overlay-type":"","overlay-color":"","overlay-opacity":"","overlay-gradient":""}},"ast-content-background-meta":{"desktop":{"background-color":"var(--ast-global-color-4)","background-image":"","background-repeat":"repeat","background-position":"center center","background-size":"auto","background-attachment":"scroll","background-type":"","background-media":"","overlay-type":"","overlay-color":"","overlay-opacity":"","overlay-gradient":""},"tablet":{"background-color":"var(--ast-global-color-4)","background-image":"","background-repeat":"repeat","background-position":"center center","background-size":"auto","background-attachment":"scroll","background-type":"","background-media":"","overlay-type":"","overlay-color":"","overlay-opacity":"","overlay-gradient":""},"mobile":{"background-color":"var(--ast-global-color-4)","background-image":"","background-repeat":"repeat","background-position":"center center","background-size":"auto","background-attachment":"scroll","background-type":"","background-media":"","overlay-type":"","overlay-color":"","overlay-opacity":"","overlay-gradient":""}},"footnotes":""},"class_list":["post-285","page","type-page","status-publish","hentry"],"_links":{"self":[{"href":"https:\/\/lc-rapid-dortmund.de\/wordpress\/wp-json\/wp\/v2\/pages\/285","targetHints":{"allow":["GET"]}}],"collection":[{"href":"https:\/\/lc-rapid-dortmund.de\/wordpress\/wp-json\/wp\/v2\/pages"}],"about":[{"href":"https:\/\/lc-rapid-dortmund.de\/wordpress\/wp-json\/wp\/v2\/types\/page"}],"author":[{"embeddable":true,"href":"https:\/\/lc-rapid-dortmund.de\/wordpress\/wp-json\/wp\/v2\/users\/1"}],"replies":[{"embeddable":true,"href":"https:\/\/lc-rapid-dortmund.de\/wordpress\/wp-json\/wp\/v2\/comments?post=285"}],"version-history":[{"count":38,"href":"https:\/\/lc-rapid-dortmund.de\/wordpress\/wp-json\/wp\/v2\/pages\/285\/revisions"}],"predecessor-version":[{"id":675,"href":"https:\/\/lc-rapid-dortmund.de\/wordpress\/wp-json\/wp\/v2\/pages\/285\/revisions\/675"}],"wp:attachment":[{"href":"https:\/\/lc-rapid-dortmund.de\/wordpress\/wp-json\/wp\/v2\/media?parent=285"}],"curies":[{"name":"wp","href":"https:\/\/api.w.org\/{rel}","templated":true}]}}